{"id":244,"date":"2013-10-29T18:38:18","date_gmt":"2013-10-29T16:38:18","guid":{"rendered":"http:\/\/www.valmennustaito.info\/taito\/?page_id=244"},"modified":"2016-10-26T10:48:29","modified_gmt":"2016-10-26T07:48:29","slug":"tee-omat-soittolistasi","status":"publish","type":"page","link":"http:\/\/www.valmennustaito.info\/taito\/tee-omat-soittolistasi\/","title":{"rendered":"Tee omat soittolistasi"},"content":{"rendered":"<p>Taitokarttojen kaikki videot l\u00f6yd\u00e4t Youtubesta. Voit vapaasti k\u00e4ytt\u00e4\u00e4 videoita osana omia harjoitusvideolistojasi.<\/p>\n<p>T\u00e4ss\u00e4 taitovideot luokiteluina kolmeen osioon:<\/p>\n<p><strong>V\u00e4lineenk\u00e4sittelytaidot<\/strong><\/p>\n<p><a href=\"http:\/\/www.youtube.com\/embed\/videoseries?list=PLKjqx7asbcE99WmeZw1pbZeNJGYdcAeps\">http:\/\/www.youtube.com\/em&#8230;<\/a><\/p>\n<p><iframe loading=\"lazy\" src=\"http:\/\/www.youtube.com\/embed\/videoseries?list=PLKjqx7asbcE99WmeZw1pbZeNJGYdcAeps\" height=\"500\" width=\"100%\" frameborder=\"0\"><\/iframe><\/p>\n<p><strong>Liikkumistaidot<\/strong><\/p>\n<p><a href=\"http:\/\/www.youtube.com\/embed\/videoseries?list=PLKjqx7asbcE_V8zXFotIS2DeOG-rLoes2\">http:\/\/www.youtube.com\/em&#8230;<\/a><\/p>\n<p><iframe loading=\"lazy\" src=\"http:\/\/www.youtube.com\/embed\/videoseries?list=PLKjqx7asbcE_V8zXFotIS2DeOG-rLoes2\" height=\"500\" width=\"100%\" frameborder=\"0\"><\/iframe><\/p>\n<p><strong>Tasapainotaidot<\/strong><\/p>\n<p><iframe loading=\"lazy\" src=\"http:\/\/www.youtube.com\/embed\/videoseries?list=PLKjqx7asbcE9pUi4SSCyR83AlWKSiLiM2\" height=\"500\" width=\"100%\" frameborder=\"0\"><\/iframe><\/p>\n<p><a href=\"http:\/\/www.youtube.com\/embed\/videoseries?list=PLKjqx7asbcE9pUi4SSCyR83AlWKSiLiM2\">http:\/\/www.youtube.com\/em&#8230;<\/a><\/p>\n<p>Omien Youtube-soittolistojen luontia varten sinun tulee kirjautua Youtubeen.<\/p>\n","protected":false},"excerpt":{"rendered":"<p>Taitokarttojen kaikki videot l\u00f6yd\u00e4t Youtubesta. Voit vapaasti k\u00e4ytt\u00e4\u00e4 videoita osana omia harjoitusvideolistojasi. T\u00e4ss\u00e4 taitovideot luokiteluina kolmeen osioon: V\u00e4lineenk\u00e4sittelytaidot http:\/\/www.youtube.com\/em&#8230; Liikkumistaidot http:\/\/www.youtube.com\/em&#8230; Tasapainotaidot http:\/\/www.youtube.com\/em&#8230; Omien Youtube-soittolistojen luontia varten sinun tulee kirjautua Youtubeen.<\/p>\n","protected":false},"author":1,"featured_media":0,"parent":0,"menu_order":40,"comment_status":"closed","ping_status":"open","template":"","meta":{"footnotes":""},"_links":{"self":[{"href":"http:\/\/www.valmennustaito.info\/taito\/wp-json\/wp\/v2\/pages\/244"}],"collection":[{"href":"http:\/\/www.valmennustaito.info\/taito\/wp-json\/wp\/v2\/pages"}],"about":[{"href":"http:\/\/www.valmennustaito.info\/taito\/wp-json\/wp\/v2\/types\/page"}],"author":[{"embeddable":true,"href":"http:\/\/www.valmennustaito.info\/taito\/wp-json\/wp\/v2\/users\/1"}],"replies":[{"embeddable":true,"href":"http:\/\/www.valmennustaito.info\/taito\/wp-json\/wp\/v2\/comments?post=244"}],"version-history":[{"count":6,"href":"http:\/\/www.valmennustaito.info\/taito\/wp-json\/wp\/v2\/pages\/244\/revisions"}],"predecessor-version":[{"id":494,"href":"http:\/\/www.valmennustaito.info\/taito\/wp-json\/wp\/v2\/pages\/244\/revisions\/494"}],"wp:attachment":[{"href":"http:\/\/www.valmennustaito.info\/taito\/wp-json\/wp\/v2\/media?parent=244"}],"curies":[{"name":"wp","href":"https:\/\/api.w.org\/{rel}","templated":true}]}}