{"id":147,"date":"2013-08-15T15:04:27","date_gmt":"2013-08-15T12:04:27","guid":{"rendered":"http:\/\/www.valmennustaito.info\/taito\/?page_id=147"},"modified":"2013-10-15T12:33:22","modified_gmt":"2013-10-15T09:33:22","slug":"lahdeaineisto","status":"publish","type":"page","link":"http:\/\/www.valmennustaito.info\/taito\/lahdeaineisto\/","title":{"rendered":"L\u00e4hdeaineisto"},"content":{"rendered":"<ul id=\"lahdeluettelo\">\n<li>\n<div class=\"kirja\"><img decoding=\"async\" class=\"lahdekirja\" alt=\"kansikuva\" src=\"\/taito\/wp-content\/uploads\/2013\/08\/tn_Birklbauer.jpg\" \/> <\/div>\n<div class=\"kuvaus\"><strong>Modelle der Motorik<\/strong><\/p>\n<p> J\u00fcrgen Birklbauer <br \/>Modelle der Motorik \u2013teoksessa kuvaillaan eri teorioita informaation k\u00e4sittelyyn, motoriseen kontrolliin ja motoriseen oppimiseen liittyen. Teos on saksankielinen ja aika vaativa. Lukuisissa asioissa menn\u00e4\u00e4n reilusti arkivalmennuksessa tarvittavaa tarkastelutasoa syvemm\u00e4lle.<\/p>\n<\/div>\n<\/li>\n<li>\n<div class=\"kirja\"><img decoding=\"async\" class=\"lahdekirja\" alt=\"kansikuva\" src=\"\/taito\/wp-content\/uploads\/2013\/08\/tn_Davids.jpg\" \/> <\/div>\n<div class=\"kuvaus\"><strong>Dynamics of skill Acquisition<\/strong><\/p>\n<p> Keith David; Chris Button; Simon Bennett<br \/>Dynamics of Skill Aquisition on yksi modernin taitojen oppimisen merkkiteoksista. Teos perustuu ekologiseen malliin, jossa oppija, oppimisymp\u00e4rist\u00f6 ja opeteltava teht\u00e4v\u00e4 ovat jatkuvasti dynaamisessa vuorovaikutuksessa toisiinsa. Kirjan p\u00e4\u00e4kirjoittaja Keith Davids on eritt\u00e4in arvostettu motorisen oppimisen asiantuntija. Kirjassa esitell\u00e4\u00e4n teorian ohella k\u00e4yt\u00e4nn\u00f6n malleja ja ratkaisuja taitovalmennukseen.<\/p>\n<\/div>\n<\/li>\n<li>\n<div class=\"kirja\"><img decoding=\"async\" class=\"lahdekirja\" alt=\"kansikuva\" src=\"\/taito\/wp-content\/uploads\/2013\/08\/tn_Ercsson.jpg\" \/> <\/div>\n<div class=\"kuvaus\"><strong>The Road To Excellence<\/strong><\/p>\n<p> Edited by K. Anders Ericsson<br \/>The Road to Excellence on kirja, johon viitataan usein. Teoksen perussanoma on se, ett\u00e4 huipputason saavuttaminen edellytt\u00e4\u00e4 paljon laadukasta harjoittelua. Anders K. Ericssonin esittelem\u00e4 kultainen s\u00e4\u00e4nt\u00f6 on se, ett\u00e4 huipulle p\u00e4\u00e4syyn vaaditaan v\u00e4hint\u00e4\u00e4n 10 000 tunnin ty\u00f6m\u00e4\u00e4r\u00e4.<\/p>\n<\/div>\n<\/li>\n<li>\n<div class=\"kirja\"><img decoding=\"async\" class=\"lahdekirja\" alt=\"kansikuva\" src=\"\/taito\/wp-content\/uploads\/2013\/08\/tn_gallahue.jpg\" \/> <\/div>\n<div class=\"kuvaus\"><strong>Developmental Physical Education for All Children<\/strong><\/p>\n<p> David L. Gallahue; Frances Cleland Donnelly<br \/>Developmental Physical Education for all Children \u2013 kirjassa Gallahue &#038; Donnelly j\u00e4sent\u00e4v\u00e4t perusliikuntataidot tasapaino-, liikkumis- ja v\u00e4lineen k\u00e4sittelytaitoihin. T\u00e4m\u00e4 j\u00e4sennys on valmennustaito.info \u2013sivuston viitekehyksellinen ohjenuora.<\/p>\n<\/div>\n<\/li>\n<li>\n<div class=\"kirja\"><img decoding=\"async\" class=\"lahdekirja\" alt=\"kansikuva\" src=\"\/taito\/wp-content\/uploads\/2013\/08\/tn_Jaakkola.jpg\" \/> <\/div>\n<div class=\"kuvaus\"><strong>Liikentataitojen oppiminen ja taitoharjoittelu<\/strong><\/p>\n<p> Timo Jaakkola<br \/>Liikuntataitojen oppiminen ja taitoharjoittelu on motorisen oppimisen kotimaisen huippuasiantuntija Timo Jaakkolan kirjoittama perusteos. T\u00e4m\u00e4n kirjan hankkimista voidaan suositella kaikille taitojen oppimisesta, valmentamisesta ja opettamisesta kiinnostuneille. Kirjassa on selke\u00e4sti kuvailtu nykyk\u00e4sitys taitojen oppimisesta ja siihen liittyvist\u00e4 tekij\u00f6ist\u00e4.<\/p>\n<\/div>\n<\/li>\n<li>\n<div class=\"kirja\"><img decoding=\"async\" class=\"lahdekirja\" alt=\"kansikuva\" src=\"\/taito\/wp-content\/uploads\/2013\/08\/tn_Jaakkola-Liukkonen_Sookslahti.jpg\" \/> <\/div>\n<div class=\"kuvaus\"><strong>Liikuntapedagogiikka<\/strong><\/p>\n<p> Timo Jaakkola; Jarmo Liukkonen ja Arja S\u00e4\u00e4kslahti(toim.)<br \/>Liikuntapedagogiikka on kokoomateos liikuntaan ja etenkin sen opettamiseen liittyvist\u00e4 asioista. Kirjan toimittajat Timo Jaakkola, Arja S\u00e4\u00e4kslahti ja Jarmo Liukkonen edustavat vahvaa liikunta- ja urheilupsykologian osaamista.<\/p>\n<\/div>\n<\/li>\n<li>\n<div class=\"kirja\"><img decoding=\"async\" class=\"lahdekirja\" alt=\"kansikuva\" src=\"\/taito\/wp-content\/uploads\/2013\/08\/tn_Keskinen.jpg\" \/> <\/div>\n<div class=\"kuvaus\"><strong>Taitavan toiminnan psykologia<\/strong><\/p>\n<p> Pekka Niemi ja Esko Keskinen (toim.)<br \/>Taitavan toiminnan psykologia \u2013kirjassa Esa Keskinen esittelee erinomaisella tavalla motorisen oppimisen eri teorioita ja vertailee eksperttien ja noviisien k\u00e4ytt\u00e4ytymist\u00e4. Kirja antaa hyvi\u00e4 ohjeita my\u00f6s k\u00e4yt\u00e4nn\u00f6n taitovalmennukseen.<\/p>\n<\/div>\n<\/li>\n<li>\n<div class=\"kirja\"><img decoding=\"async\" class=\"lahdekirja\" alt=\"kansikuva\" src=\"\/taito\/wp-content\/uploads\/2013\/08\/tn_Magill.jpg\" \/> <\/div>\n<div class=\"kuvaus\"><strong>Motor Learning and Control<\/strong><\/p>\n<p> Richard A. Magill<br \/>Motor Learning and Control on yksi alan perusteoksista. Kirjassa kuvaillaan kattavasti, helppotajuisesti ja k\u00e4yt\u00e4nn\u00f6n l\u00e4heisesti motoriseen oppimiseen ja kontrolliin liittyvi\u00e4 tekij\u00f6it\u00e4 ja ilmi\u00f6it\u00e4.<\/p>\n<\/div>\n<\/li>\n<li>\n<div class=\"kirja\"><img decoding=\"async\" class=\"lahdekirja\" alt=\"kansikuva\" src=\"\/taito\/wp-content\/uploads\/2013\/08\/tn_Matikka.jpg\" \/> <\/div>\n<div class=\"kuvaus\"><strong>Urheilupsykologian perusteet<\/strong><\/p>\n<p> Leena Matikka ja Martina Roos-Salmi (toim.)<br \/>Urheilupsykologian perusteet on merkitt\u00e4v\u00e4 suomalainen urheilukirja. Maamme parhaiden asiantuntijoiden tekstit ottavat kattavasti haltuun urheilupsykologian eri puolia.<\/p>\n<\/div>\n<\/li>\n<li>\n<div class=\"kirja\"><img decoding=\"async\" class=\"lahdekirja\" alt=\"kansikuva\" src=\"\/taito\/wp-content\/uploads\/2013\/08\/tn_Vickers.jpg\" \/> <\/div>\n<div class=\"kuvaus\"><strong>Perception, Cognition and Decision training<\/strong><\/p>\n<p> Joan N. Vickers <br \/>Perception, Cognition and Decision Training johdattelee lukijan kiehtovalla tavalla havaintomotoriikan ja p\u00e4\u00e4t\u00f6ksenteon maailmaan. Ehdottomasti tutustumisen arvoinen teos.<\/p>\n<\/div>\n<\/li>\n<li>\n<div class=\"kirja\"><img decoding=\"async\" class=\"lahdekirja\" alt=\"kansikuva\" src=\"\/taito\/wp-content\/uploads\/2013\/08\/tn_Rose.jpg\" \/> <\/div>\n<div class=\"kuvaus\"><strong>A Multilevel Approach To The Study Of Motor Control And Learning<\/strong><\/p>\n<p> Debra J. Rose ja Robret W. Christina<br \/>A Multilevel Approach to the Study of Motor Control and Learning avaa motorisen kontrollin ja motorisen  oppimisen tematiikkaa esittelem\u00e4ll\u00e4 erilaisia aiheeseen liittyvi\u00e4 kognitiivisen psykologian ja neurotieteiden tutkimuksia ja k\u00e4yt\u00e4nn\u00f6n sovellusmahdollisuuksia.<\/p>\n<\/div>\n<\/li>\n<li>\n<div class=\"kirja\"><img decoding=\"async\" class=\"lahdekirja\" alt=\"kansikuva\" src=\"\/taito\/wp-content\/uploads\/2013\/08\/tn_Schmidt.jpg\" \/><\/div>\n<div class=\"kuvaus\"><strong> Motor Control And Learning<\/strong><\/p>\n<p> Richard A. Schmidt ja Timothy D. Lee<br \/>Motor Control and Learning on motorisen oppimisen kulttiteos. Skeemateorian luojaa, Richard Schmidti\u00e4 pidet\u00e4\u00e4n yhten\u00e4 maailman arvostetuimmista taitojen oppimisen asiantuntijoista.<\/p>\n<\/div>\n<\/li>\n<li>\n<div class=\"kirja\"><img decoding=\"async\" class=\"lahdekirja\" alt=\"kansikuva\" src=\"\/taito\/wp-content\/uploads\/2013\/08\/tn_schmidt_wrisberg.jpg\" \/> <\/div>\n<div class=\"kuvaus\"><strong>Motor Learning And Performance<\/strong><\/p>\n<p> Richard A. Schmidt ja Craig A. Wrisberg<br \/>Motor Learning and Performance on my\u00f6s kulttiteoksen asemaan noussut kirja, jossa sek\u00e4 teoreettisin tutkimusperustein ett\u00e4 k\u00e4yt\u00e4nn\u00f6n sovellusesimerkein avataan motorisen oppimisen teemoja.<\/p>\n<\/div>\n<\/li>\n<li>\n<div class=\"kirja\"><img decoding=\"async\" class=\"lahdekirja\" alt=\"kansikuva\" src=\"\/taito\/wp-content\/uploads\/2013\/08\/tn_Schnabl.jpg\" \/> <\/div>\n<div class=\"kuvaus\"><strong>Bewegungslehre Sportmotorik<\/strong><\/p>\n<p> Kurt Meinel &amp; G\u00fcnter Schnabel<br \/>Bewegungslehre \u2013 Sportmotorik on saksankielinen perusteos motorisesta kontrollista, oppimisesta. Kirja on kirjoitettu saksalaisella t\u00e4sm\u00e4llisyydell\u00e4 ja perusteellisuudella. Erityisen mielenkiintoinen osa kirjassa on kasvun ja kehityksen kuvaus motoriikan n\u00e4k\u00f6kulmasta. Mainitsemisen arvoinen on my\u00f6s liikkuvuuden vahva korostus motorisen taitavuuden osatekij\u00e4n\u00e4<\/p>\n<\/div>\n<\/li>\n<\/ul>\n","protected":false},"excerpt":{"rendered":"<p>Modelle der Motorik J\u00fcrgen Birklbauer Modelle der Motorik \u2013teoksessa kuvaillaan eri teorioita informaation k\u00e4sittelyyn, motoriseen kontrolliin ja motoriseen oppimiseen liittyen. Teos on saksankielinen ja aika vaativa. Lukuisissa asioissa menn\u00e4\u00e4n reilusti arkivalmennuksessa tarvittavaa tarkastelutasoa syvemm\u00e4lle. Dynamics of skill Acquisition Keith David; &hellip; <a href=\"http:\/\/www.valmennustaito.info\/taito\/lahdeaineisto\/\">Lue loppuun <span class=\"meta-nav\">&rarr;<\/span><\/a><\/p>\n","protected":false},"author":1,"featured_media":0,"parent":0,"menu_order":4,"comment_status":"closed","ping_status":"closed","template":"","meta":{"footnotes":""},"_links":{"self":[{"href":"http:\/\/www.valmennustaito.info\/taito\/wp-json\/wp\/v2\/pages\/147"}],"collection":[{"href":"http:\/\/www.valmennustaito.info\/taito\/wp-json\/wp\/v2\/pages"}],"about":[{"href":"http:\/\/www.valmennustaito.info\/taito\/wp-json\/wp\/v2\/types\/page"}],"author":[{"embeddable":true,"href":"http:\/\/www.valmennustaito.info\/taito\/wp-json\/wp\/v2\/users\/1"}],"replies":[{"embeddable":true,"href":"http:\/\/www.valmennustaito.info\/taito\/wp-json\/wp\/v2\/comments?post=147"}],"version-history":[{"count":17,"href":"http:\/\/www.valmennustaito.info\/taito\/wp-json\/wp\/v2\/pages\/147\/revisions"}],"predecessor-version":[{"id":235,"href":"http:\/\/www.valmennustaito.info\/taito\/wp-json\/wp\/v2\/pages\/147\/revisions\/235"}],"wp:attachment":[{"href":"http:\/\/www.valmennustaito.info\/taito\/wp-json\/wp\/v2\/media?parent=147"}],"curies":[{"name":"wp","href":"https:\/\/api.w.org\/{rel}","templated":true}]}}